{"id":489,"date":"2017-05-12T13:51:39","date_gmt":"2017-05-12T11:51:39","guid":{"rendered":"http:\/\/www.kneipp-garbsen.de\/?page_id=489"},"modified":"2025-03-20T17:41:04","modified_gmt":"2025-03-20T16:41:04","slug":"allgemeine-mitglieder-informationen","status":"publish","type":"page","link":"https:\/\/www.kneipp-garbsen.de\/?page_id=489","title":{"rendered":"Allgemeine Mitglieder-Informationen"},"content":{"rendered":"<p><strong>Verg\u00fcnstigungen f\u00fcr Mitglieder:<br \/>\n<\/strong>Im <strong>Fitnessclub Future<\/strong> spart Ihr 50,- \u20ac der Aufnahmegeb\u00fchr von 129,- \u20ac.<\/p>\n<p><strong>Der Kneipp-Treff<\/strong> im Kohake-Center ist jeden 2. Montag (in den geraden Wochen, au\u00dfer feiertags) von 15:00 bis 17:00 Uhr ge\u00f6ffnet. Marianne Bockhorst k\u00fcmmert sich um Organisatorisches.<\/p>\n<p>Der Kneipp-Treff kann auch von Mitgliedern f\u00fcr private Veranstaltungen genutzt werden. Der Preis pro angefangener Stunde betr\u00e4gt 10,00 \u20ac. Getr\u00e4nke k\u00f6nnen zu den \u00fcblichen Preisen erworben werden. Hilfe durch unsere ehrenamtlichen Mitglieder kann gegen eine entsprechende Aufwands-entsch\u00e4digung erbeten werden.<br \/>\n<strong>Unsere Schatzmeisterin Marianne Bockhorst<\/strong> bittet darum, dass alle Mitglieder stets die aktuelle Bankverbindung sofort melden, da eine R\u00fccklastschrift viel Arbeit und Bankgeb\u00fchren verursacht. <strong>Bitte ab sofort als IBAN<\/strong>! Bitte informiert Astrid auch \u00fcber \u00c4nderungen Eures Familienstandes, da sich dadurch nat\u00fcrlich der Beitrag \u00e4ndert. Spendenbescheinigungen ben\u00f6tigt Ihr nicht, die Finanz\u00e4mter erkennen Kontoausz\u00fcge an.<\/p>\n<p>F\u00fcr Fragen wendet Ihr Euch an Marianne.<\/p>\n<p><strong>Zweck des Vereins (siehe auch unsere Satzung): <\/strong>Gesundheitsf\u00f6rderung nach der Lehre Sebastian Kneipp.<\/p>\n<p><strong>Unsere Aktivit\u00e4ten: <\/strong>Wandern, Radfahren, Besichtigungen, Reisen, Vortr\u00e4ge, geselliges Beisammensein, Kl\u00f6nen und vieles mehr!<\/p>\n<p><strong>Kurse: <\/strong>Funktionstraining, Wirbels\u00e4ulengymnastik, Entspannungs\u00fcbungen, Yoga, Bewegung und Wassergymnastik, Walking, Qigong, Funktions- und Wirbels\u00e4ulengymnastik, Ged\u00e4chtnistraining, Ern\u00e4hrungs- und Gesundheitsberatung, Faszientraining Genaueres findet Ihr im Kursplan!<\/p>\n<p><strong>Jahresbeitrag:<br \/>\n<\/strong>Einzelmitglieder: 42,00 EUR<br \/>\nPaare\/Familie: 57,00 EUR<\/p>\n<p><strong>Darin enthalten sind:<\/strong><\/p>\n<ul>\n<li>zweimonatliche Zustellung der Verbandszeitschrift<\/li>\n<li><sup>1<\/sup>\/<sub>4<\/sub> j\u00e4hrliche Zustellung der Vereinsnachrichten mit Informationen \u00fcber die Aktivit\u00e4ten und Kurse im Verein<\/li>\n<li>Erm\u00e4\u00dfigung bei den Kursgeb\u00fchren<\/li>\n<li>sowie die o. g. Verg\u00fcnstigungen f\u00fcr Mitglieder (siehe oben)<\/li>\n<\/ul>\n","protected":false},"excerpt":{"rendered":"<p>Verg\u00fcnstigungen f\u00fcr Mitglieder: Im Fitnessclub Future spart Ihr 50,- \u20ac der Aufnahmegeb\u00fchr von 129,- \u20ac. Der Kneipp-Treff im Kohake-Center ist jeden 2. Montag (in den geraden Wochen, au\u00dfer feiertags) von 15:00 bis 17:00 Uhr ge\u00f6ffnet. Marianne Bockhorst k\u00fcmmert sich um Organisatorisches. Der Kneipp-Treff kann auch von Mitgliedern f\u00fcr private Veranstaltungen genutzt werden. Der Preis pro angefangener Stunde betr\u00e4gt 10,00 \u20ac.<span class=\"excerpt-hellip\"> [\u2026]<\/span><\/p>\n","protected":false},"author":2,"featured_media":0,"parent":0,"menu_order":0,"comment_status":"closed","ping_status":"closed","template":"","meta":{"jetpack_post_was_ever_published":false,"footnotes":""},"class_list":["post-489","page","type-page","status-publish","hentry"],"jetpack_sharing_enabled":true,"_links":{"self":[{"href":"https:\/\/www.kneipp-garbsen.de\/index.php?rest_route=\/wp\/v2\/pages\/489","targetHints":{"allow":["GET"]}}],"collection":[{"href":"https:\/\/www.kneipp-garbsen.de\/index.php?rest_route=\/wp\/v2\/pages"}],"about":[{"href":"https:\/\/www.kneipp-garbsen.de\/index.php?rest_route=\/wp\/v2\/types\/page"}],"author":[{"embeddable":true,"href":"https:\/\/www.kneipp-garbsen.de\/index.php?rest_route=\/wp\/v2\/users\/2"}],"replies":[{"embeddable":true,"href":"https:\/\/www.kneipp-garbsen.de\/index.php?rest_route=%2Fwp%2Fv2%2Fcomments&post=489"}],"version-history":[{"count":12,"href":"https:\/\/www.kneipp-garbsen.de\/index.php?rest_route=\/wp\/v2\/pages\/489\/revisions"}],"predecessor-version":[{"id":3319,"href":"https:\/\/www.kneipp-garbsen.de\/index.php?rest_route=\/wp\/v2\/pages\/489\/revisions\/3319"}],"wp:attachment":[{"href":"https:\/\/www.kneipp-garbsen.de\/index.php?rest_route=%2Fwp%2Fv2%2Fmedia&parent=489"}],"curies":[{"name":"wp","href":"https:\/\/api.w.org\/{rel}","templated":true}]}}