{"id":487,"date":"2017-05-12T13:42:49","date_gmt":"2017-05-12T11:42:49","guid":{"rendered":"http:\/\/www.kneipp-garbsen.de\/?page_id=487"},"modified":"2017-05-12T14:10:34","modified_gmt":"2017-05-12T12:10:34","slug":"allgemeine-informationen-zu-den-rad-und-wandertouren","status":"publish","type":"page","link":"https:\/\/www.kneipp-garbsen.de\/?page_id=487","title":{"rendered":"Allgemeine Informationen zu den Rad- und Wandertouren"},"content":{"rendered":"<p><strong>G\u00e4ste sind bei Wanderungen und Radtouren herzlich willkommen.<br \/>\n<\/strong>Eine Einkehr ist in den meisten F\u00e4llen vorgesehen, aber nicht immer sicher. Deshalb ist eine eigene Verpflegung, insbesondere Getr\u00e4nke, sinnvoll.<br \/>\nWir suchen immer Wanderf\u00fchrer! Interessenten k\u00f6nnen sich bei Manfred Windt (05131 95525) melden.<\/p>\n<h1><a name=\"_Toc452879010\"><\/a>Regeln f\u00fcr Radtouren<\/h1>\n<p>F\u00fcr Radtouren gilt nat\u00fcrlich die StVo. Der \u00a727 kann bei Gruppen ab 15 Teilnehmern angewendet werden. In diesem finden sich folgende Anweisungen:<br \/>\nF\u00fcr geschlossene Verb\u00e4nde gelten die f\u00fcr den gesamten Fahrverkehr einheitlich bestehenden Verkehrsregeln und Anordnungen sinngem\u00e4\u00df. Mehr als 15 Radfahrer d\u00fcrfen einen geschlossenen Verband bilden. Dann d\u00fcrfen sie zu zweit nebeneinander auf der Fahrbahn fahren.<\/p>\n<p>Ein Verband darf als ein Fahrzeug handeln und geschlossen z. B. Kreuzungen \u00fcberqueren, auch, wenn die Ampel inzwischen auf Rot umschaltet und auf Stra\u00dfen m\u00fcssen die Teilnehmer zu zweit nebeneinander fahren.<\/p>\n<p>Voraussetzung daf\u00fcr ist aber, dass f\u00fcr den Verband ein Verantwortlicher benannt ist. Das ist in der Regel der Tourenf\u00fchrer, dass alle Teilnehmer entsprechend eingewiesen sind.<\/p>\n<p>Weiterhin m\u00fcssen der Beginn und das Ende des Verbandes eindeutig gekennzeichnet sein. Dazu muss der F\u00fchrende und der Schlussfahrer die Warnwesten tragen und es d\u00fcrfen keine L\u00fccken entstehen, damit alle anderen Verkehrsteilnehmer den Verband als solchen erkennen k\u00f6nnen.<\/p>\n<p><strong>Grunds\u00e4tzlich gilt &#8222;Sicherheit geht vor!&#8220;<\/strong><\/p>\n<p>Dass die Fahrr\u00e4der den Regeln der StVo entsprechen, dass jeder Teilnehmer entsprechendes Werkzeug und einen Reserveschlauch dabeihat, um Notreparaturen vornehmen zu k\u00f6nnen und jeder Teilnehmer witterungsgerechte Kleidung tr\u00e4gt ist selbstverst\u00e4ndlich.<\/p>\n<p>Weiterhin werden folgende Signale vereinbart:<\/p>\n<p><strong>Trillerpfeife:<\/strong>\u00a0 1 x pfeifen = anhalten; 2 x pfeifen = weiterfahren<\/p>\n<p><strong>Warnrufe: <\/strong>&#8222;Pfosten&#8220; = Achtung, ein Hindernis ist im Fahrweg;<br \/>\n&#8222;Gegenverkehr&#8220; = Achtung, Platz machen;<br \/>\n&#8222;langsamer&#8220; = die Gruppe muss zusammenr\u00fccken;<\/p>\n<p><strong>Arm senkrecht hochheben und laut &#8222;Halt&#8220; rufen:<br \/>\n<\/strong>Ich halte au\u00dferplanm\u00e4\u00dfig an!<\/p>\n","protected":false},"excerpt":{"rendered":"<p>G\u00e4ste sind bei Wanderungen und Radtouren herzlich willkommen. Eine Einkehr ist in den meisten F\u00e4llen vorgesehen, aber nicht immer sicher. Deshalb ist eine eigene Verpflegung, insbesondere Getr\u00e4nke, sinnvoll. Wir suchen immer Wanderf\u00fchrer! Interessenten k\u00f6nnen sich bei Manfred Windt (05131 95525) melden. Regeln f\u00fcr Radtouren F\u00fcr Radtouren gilt nat\u00fcrlich die StVo. Der \u00a727 kann bei Gruppen ab 15 Teilnehmern angewendet werden.<span class=\"excerpt-hellip\"> [\u2026]<\/span><\/p>\n","protected":false},"author":2,"featured_media":0,"parent":0,"menu_order":0,"comment_status":"closed","ping_status":"closed","template":"","meta":{"jetpack_post_was_ever_published":false,"footnotes":""},"class_list":["post-487","page","type-page","status-publish","hentry"],"jetpack_sharing_enabled":true,"_links":{"self":[{"href":"https:\/\/www.kneipp-garbsen.de\/index.php?rest_route=\/wp\/v2\/pages\/487","targetHints":{"allow":["GET"]}}],"collection":[{"href":"https:\/\/www.kneipp-garbsen.de\/index.php?rest_route=\/wp\/v2\/pages"}],"about":[{"href":"https:\/\/www.kneipp-garbsen.de\/index.php?rest_route=\/wp\/v2\/types\/page"}],"author":[{"embeddable":true,"href":"https:\/\/www.kneipp-garbsen.de\/index.php?rest_route=\/wp\/v2\/users\/2"}],"replies":[{"embeddable":true,"href":"https:\/\/www.kneipp-garbsen.de\/index.php?rest_route=%2Fwp%2Fv2%2Fcomments&post=487"}],"version-history":[{"count":2,"href":"https:\/\/www.kneipp-garbsen.de\/index.php?rest_route=\/wp\/v2\/pages\/487\/revisions"}],"predecessor-version":[{"id":498,"href":"https:\/\/www.kneipp-garbsen.de\/index.php?rest_route=\/wp\/v2\/pages\/487\/revisions\/498"}],"wp:attachment":[{"href":"https:\/\/www.kneipp-garbsen.de\/index.php?rest_route=%2Fwp%2Fv2%2Fmedia&parent=487"}],"curies":[{"name":"wp","href":"https:\/\/api.w.org\/{rel}","templated":true}]}}