{"id":485,"date":"2017-05-12T13:26:07","date_gmt":"2017-05-12T11:26:07","guid":{"rendered":"http:\/\/www.kneipp-garbsen.de\/?page_id=485"},"modified":"2024-06-29T18:28:45","modified_gmt":"2024-06-29T16:28:45","slug":"allgemeine-informationen-zu-den-kursen","status":"publish","type":"page","link":"https:\/\/www.kneipp-garbsen.de\/?page_id=485","title":{"rendered":"Allgemeine Informationen zu den Kursen"},"content":{"rendered":"<p><strong>KURSE:<br \/>\n<\/strong>Bitte beachtet, dass zu bestimmten Zeiten, an Feiertagen, Ferien usw. Kurse ausfallen k\u00f6nnen. Eure Kursleiter informieren euch individuell dar\u00fcber!<br \/>\nF\u00fcr jeden Kurs betr\u00e4gt die Mindestteilnehmerzahl 10 Personen.<br \/>\nAnmeldungen f\u00fcr alle Kurse bei Peggy Ahlborn<br \/>\nTel: 05137 818852; eMail: peggy.ahlborn@kneipp-garbsen.de<br \/>\n<strong>Bei Anmeldung bitte unbedingt die Kursnummer mit angeben!<br \/>\n<\/strong><sup>1<\/sup>) UE = Anzahl \u00dcbungseinheiten<br \/>\n<sup>2<\/sup>) Der Preis gilt f\u00fcr Mitglieder, der Preis in Klammern gilt f\u00fcr G\u00e4ste.<\/p>\n<p><strong>FASZIEN:<br \/>\n<\/strong>Beim Faszientraining wird das kollagene Bindegewebe trainiert. Dieses Gewebe umschlie\u00dft jeden Muskel, Knochen, jede Sehne und jedes Organ. Mit einer Faszienrolle, einem Turnstab oder auch als FaszienQigong werden so Verklebungen, Verdrehungen der Faszien gel\u00f6st und somit wieder mehr Beweglichkeit, weniger Schmerzen und mehr\u00a0 Elastizit\u00e4t des K\u00f6rpers erreicht.<\/p>\n<p><strong>Qigong<br \/>\n<\/strong>Diese chinesische Heilgymnastik bietet ruhige, flie\u00dfende Bewegungs\u00fcbungen zur Kultivierung von K\u00f6rper und Geist. Durch meditative Bewegungsabl\u00e4ufe entwickeln sich innere Ruhe, Kr\u00e4ftigung des K\u00f6rpers und eine Regulierung der Haltung. Qigong ist sehr gelenkschonend und kann altersunabh\u00e4ngig praktiziert werden.<br \/>\nDie Termine sind so gelegt, dass sie auch f\u00fcr Berufst\u00e4tige interessant sind.<br \/>\nQigong ist durchaus f\u00fcr Kinder geeignet (ab ca. 10 Jahre)!<\/p>\n","protected":false},"excerpt":{"rendered":"<p>KURSE: Bitte beachtet, dass zu bestimmten Zeiten, an Feiertagen, Ferien usw. Kurse ausfallen k\u00f6nnen. Eure Kursleiter informieren euch individuell dar\u00fcber! F\u00fcr jeden Kurs betr\u00e4gt die Mindestteilnehmerzahl 10 Personen. Anmeldungen f\u00fcr alle Kurse bei Peggy Ahlborn Tel: 05137 818852; eMail: peggy.ahlborn@kneipp-garbsen.de Bei Anmeldung bitte unbedingt die Kursnummer mit angeben! 1) UE = Anzahl \u00dcbungseinheiten 2) Der Preis gilt f\u00fcr Mitglieder, der<span class=\"excerpt-hellip\"> [\u2026]<\/span><\/p>\n","protected":false},"author":2,"featured_media":0,"parent":0,"menu_order":0,"comment_status":"closed","ping_status":"closed","template":"","meta":{"jetpack_post_was_ever_published":false,"footnotes":""},"class_list":["post-485","page","type-page","status-publish","hentry"],"jetpack_sharing_enabled":true,"_links":{"self":[{"href":"https:\/\/www.kneipp-garbsen.de\/index.php?rest_route=\/wp\/v2\/pages\/485","targetHints":{"allow":["GET"]}}],"collection":[{"href":"https:\/\/www.kneipp-garbsen.de\/index.php?rest_route=\/wp\/v2\/pages"}],"about":[{"href":"https:\/\/www.kneipp-garbsen.de\/index.php?rest_route=\/wp\/v2\/types\/page"}],"author":[{"embeddable":true,"href":"https:\/\/www.kneipp-garbsen.de\/index.php?rest_route=\/wp\/v2\/users\/2"}],"replies":[{"embeddable":true,"href":"https:\/\/www.kneipp-garbsen.de\/index.php?rest_route=%2Fwp%2Fv2%2Fcomments&post=485"}],"version-history":[{"count":3,"href":"https:\/\/www.kneipp-garbsen.de\/index.php?rest_route=\/wp\/v2\/pages\/485\/revisions"}],"predecessor-version":[{"id":2093,"href":"https:\/\/www.kneipp-garbsen.de\/index.php?rest_route=\/wp\/v2\/pages\/485\/revisions\/2093"}],"wp:attachment":[{"href":"https:\/\/www.kneipp-garbsen.de\/index.php?rest_route=%2Fwp%2Fv2%2Fmedia&parent=485"}],"curies":[{"name":"wp","href":"https:\/\/api.w.org\/{rel}","templated":true}]}}