{"id":2938,"date":"2024-01-23T20:03:56","date_gmt":"2024-01-23T19:03:56","guid":{"rendered":"https:\/\/www.kneipp-garbsen.de\/?page_id=2938"},"modified":"2024-01-23T20:03:56","modified_gmt":"2024-01-23T19:03:56","slug":"newsletter","status":"publish","type":"page","link":"https:\/\/www.kneipp-garbsen.de\/?page_id=2938","title":{"rendered":"Newsletter"},"content":{"rendered":"\n\t\t\t<form id=\"sib_signup_form_1\" method=\"post\" class=\"sib_signup_form\">\n\t\t\t\t<div class=\"sib_loader\" style=\"display:none;\"><img data-recalc-dims=\"1\"\n\t\t\t\t\t\t\tsrc=\"https:\/\/i0.wp.com\/www.kneipp-garbsen.de\/wp-includes\/images\/spinner.gif?w=1220&#038;ssl=1\" alt=\"loader\"><\/div>\n\t\t\t\t<input type=\"hidden\" name=\"sib_form_action\" value=\"subscribe_form_submit\">\n\t\t\t\t<input type=\"hidden\" name=\"sib_form_id\" value=\"1\">\n                <input type=\"hidden\" name=\"sib_form_alert_notice\" value=\"Bitte f\u00fcllen Sie beide Felder aus.\">\n                <input type=\"hidden\" name=\"sib_form_invalid_email_notice\" value=\"Ihre eMail-Adresse ist fehlerhaft. Sie muss im Format name@provider.xxx vorliegen\">\n                <input type=\"hidden\" name=\"sib_security\" value=\"3d56fc24d7\">\n\t\t\t\t<div class=\"sib_signup_box_inside_1\">\n\t\t\t\t\t<div style=\"\/*display:none*\/\" class=\"sib_msg_disp\">\n\t\t\t\t\t<\/div>\n                    \t\t\t\t\t<p>Ihre E-Mail-Adresse wird ausschlie\u00dflich dazu verwendet, Ihnen unseren Newsletter und Informationen \u00fcber die Aktivit\u00e4ten des Kneipp Garbsen e.V. zuzusenden. Sie k\u00f6nnen sich jederzeit \u00fcber den im Newsletter enthaltenen Link wieder abmelden.<\/p>\r\neMail Adresse*\r\n    <input type=\"email\" class=\"sib-email-area\" name=\"email\" required=\"required\">\r\n<\/p>\r\n<p class=\"sib-NAME-area\">\r\n    Name\r\n    <input type=\"text\" class=\"sib-NAME-area\" name=\"NAME\">\r\n<\/p>\r\n<input type=\"checkbox\" name=\"terms\" required=\"required\">Ich akzeptiere die  <a href=\"https:\/\/www.kneipp-garbsen.de\/?page_id=288\">Datenschutzerkl\u00e4rung<\/a> \r\n<p class=\"sib-email-area\">\r\n\r\n<p>\r\n    <input type=\"submit\" class=\"sib-default-btn\" value=\"Senden\">\r\n<\/p>\r\n\t\t\t\t<\/div>\n\t\t\t<\/form>\n\t\t\t<style>\n\t\t\t\tform#sib_signup_form_1 p.sib-alert-message {\n    padding: 6px 12px;\n    margin-bottom: 20px;\n    border: 1px solid transparent;\n    border-radius: 4px;\n    -webkit-box-sizing: border-box;\n    -moz-box-sizing: border-box;\n    box-sizing: border-box;\n}\nform#sib_signup_form_1 p.sib-alert-message-error {\n    background-color: #f2dede;\n    border-color: #ebccd1;\n    color: #a94442;\n}\nform#sib_signup_form_1 p.sib-alert-message-success {\n    background-color: #dff0d8;\n    border-color: #d6e9c6;\n    color: #3c763d;\n}\nform#sib_signup_form_1 p.sib-alert-message-warning {\n    background-color: #fcf8e3;\n    border-color: #faebcc;\n    color: #8a6d3b;\n}\n\t\t\t<\/style>\n\t\t\t\n","protected":false},"excerpt":{"rendered":"Ihre E-Mail-Adresse wird ausschlie\u00dflich dazu verwendet, Ihnen unseren Newsletter und Informationen \u00fcber die Aktivit\u00e4ten des Kneipp Garbsen e.V. zuzusenden. Sie k\u00f6nnen sich jederzeit \u00fcber den im Newsletter enthaltenen Link wieder abmelden. eMail Adresse* Name Ich akzeptiere die Datenschutzerkl\u00e4rung","protected":false},"author":2,"featured_media":0,"parent":0,"menu_order":0,"comment_status":"closed","ping_status":"closed","template":"","meta":{"jetpack_post_was_ever_published":false,"footnotes":""},"class_list":["post-2938","page","type-page","status-publish","hentry"],"jetpack_sharing_enabled":true,"_links":{"self":[{"href":"https:\/\/www.kneipp-garbsen.de\/index.php?rest_route=\/wp\/v2\/pages\/2938","targetHints":{"allow":["GET"]}}],"collection":[{"href":"https:\/\/www.kneipp-garbsen.de\/index.php?rest_route=\/wp\/v2\/pages"}],"about":[{"href":"https:\/\/www.kneipp-garbsen.de\/index.php?rest_route=\/wp\/v2\/types\/page"}],"author":[{"embeddable":true,"href":"https:\/\/www.kneipp-garbsen.de\/index.php?rest_route=\/wp\/v2\/users\/2"}],"replies":[{"embeddable":true,"href":"https:\/\/www.kneipp-garbsen.de\/index.php?rest_route=%2Fwp%2Fv2%2Fcomments&post=2938"}],"version-history":[{"count":1,"href":"https:\/\/www.kneipp-garbsen.de\/index.php?rest_route=\/wp\/v2\/pages\/2938\/revisions"}],"predecessor-version":[{"id":2939,"href":"https:\/\/www.kneipp-garbsen.de\/index.php?rest_route=\/wp\/v2\/pages\/2938\/revisions\/2939"}],"wp:attachment":[{"href":"https:\/\/www.kneipp-garbsen.de\/index.php?rest_route=%2Fwp%2Fv2%2Fmedia&parent=2938"}],"curies":[{"name":"wp","href":"https:\/\/api.w.org\/{rel}","templated":true}]}}