{"id":285,"date":"2017-02-25T22:20:30","date_gmt":"2017-02-25T21:20:30","guid":{"rendered":"http:\/\/www.kneipp-garbsen.de\/?page_id=285"},"modified":"2017-04-27T20:09:35","modified_gmt":"2017-04-27T18:09:35","slug":"heilpflanzen","status":"publish","type":"page","link":"https:\/\/www.kneipp-garbsen.de\/?page_id=285","title":{"rendered":"Heilpflanzen"},"content":{"rendered":"<div class=\"title\">\n<h1><img loading=\"lazy\" decoding=\"async\" class=\"aligncenter size-medium wp-image-259\" src=\"wp-content\/uploads\/2017\/03\/lg_Kraeuter.png\" alt=\"lg_Kraeuter\" width=\"246\" height=\"300\" \/>\u201eVorbeugen sollt ihr durch diese Kr\u00e4uter, nicht das \u00dcbel erst gro\u00df werden lassen.\u201c<\/h1>\n<\/div>\n<div id=\"c418\" class=\"csc-default\">\n<div class=\"csc-textpic csc-textpic-responsive csc-textpic-intext-right\">\n<div class=\"csc-textpic-text\">\n<p><em>Sebastian Kneipp<\/em><\/p>\n<\/div>\n<\/div>\n<\/div>\n<div id=\"c415\" class=\"csc-default\">\n<div class=\"csc-textpic csc-textpic-responsive csc-textpic-intext-left\">\n<div class=\"csc-textpic-text\">\n<p>Die Pflanzen- oder Phytotherapie verwendet kritisch \u00fcberpr\u00fcfte Heilmittel auf pflanzlicher Basis. Viele Kneipp-Begeisterte lernen die Hausmittel sch\u00e4tzen, die Sebastian Kneipp empfohlen hat, und ersticken aufkommende Krankheiten sozusagen \u201eim Keime&#8220; &#8211; mithilfe der \u201eApotheke Natur&#8220;. F\u00fcr eine verantwortliche Selbstbehandlung eignen sich insbesondere die mild wirkenden Sorten, am besten aus der heimischen Umgebung. Ein bekannter Klassiker ist Kr\u00e4utertee aus Anis, K\u00fcmmel und Fenchel f\u00fcr die Milchbildung beim Stillen. Im Winter l\u00e4sst sich mit Linden- oder Holunderbl\u00fctentee bestens gegen Erk\u00e4ltungen vorbeugen, Arnika hilft gegen Zahnfleisch- oder Mandelentz\u00fcndungen und Rachenkatarrh, Fenchel beruhigt die Verdauung, L\u00f6wenzahn regt alle Dr\u00fcsen des K\u00f6rpers an, Ringelblume erleichtert die Wundheilung und Rosmarin st\u00e4rkt Genesende &#8211; dies sind nur ein paar Beispiele f\u00fcr die Vielfalt der Heilkr\u00e4uter.<\/p>\n<\/div>\n<\/div>\n<\/div>\n<div id=\"c412\" class=\"csc-default csc-space-before-40\">\n<div class=\"csc-header csc-header-n4\">\n<h2>Badezus\u00e4tze, Tinkturen, Salben, Tees und S\u00e4fte<\/h2>\n<\/div>\n<p>Sebastian Kneipp hielt gro\u00dfe St\u00fccke auf die Pflanzen und verwendete sie als Badezus\u00e4tze, Tinkturen, Salben, Tees und S\u00e4fte. Dabei st\u00fctzte er sich auf die lange Tradition der Klosterg\u00e4rten in Europa und entwickelte seine Therapie stetig weiter. Heute hat die reiche Auswahl an S\u00e4ften und Industriedrinks die Fr\u00fcchte- und Kr\u00e4utertees weit gehend aus dem Alltag vertrieben &#8211; dabei bieten sie eine wohl schmeckende und gesunde Alternative, noch dazu f\u00fcr wenig Geld.<\/p>\n<\/div>\n<div id=\"c2265\" class=\"csc-default box grey\">\n<div class=\"csc-textpic csc-textpic-responsive csc-textpic-left csc-textpic-below\">\n<div class=\"csc-textpic-text\">\n<p><strong>Sie m\u00f6chten lernen, was dieses Kneippsche Element alles bietet? Dann sind Sie in unserer Sebastian-Kneipp-Akademie genau richtig! Einfach auf das Bild klicken!<\/strong><\/p>\n<\/div>\n<\/div>\n<\/div>\n","protected":false},"excerpt":{"rendered":"<p>\u201eVorbeugen sollt ihr durch diese Kr\u00e4uter, nicht das \u00dcbel erst gro\u00df werden lassen.\u201c Sebastian Kneipp Die Pflanzen- oder Phytotherapie verwendet kritisch \u00fcberpr\u00fcfte Heilmittel auf pflanzlicher Basis. Viele Kneipp-Begeisterte lernen die Hausmittel sch\u00e4tzen, die Sebastian Kneipp empfohlen hat, und ersticken aufkommende Krankheiten sozusagen \u201eim Keime&#8220; &#8211; mithilfe der \u201eApotheke Natur&#8220;. F\u00fcr eine verantwortliche Selbstbehandlung eignen sich insbesondere die mild wirkenden Sorten,<span class=\"excerpt-hellip\"> [\u2026]<\/span><\/p>\n","protected":false},"author":1,"featured_media":0,"parent":0,"menu_order":0,"comment_status":"closed","ping_status":"closed","template":"","meta":{"jetpack_post_was_ever_published":false,"footnotes":""},"class_list":["post-285","page","type-page","status-publish","hentry"],"jetpack_sharing_enabled":true,"_links":{"self":[{"href":"https:\/\/www.kneipp-garbsen.de\/index.php?rest_route=\/wp\/v2\/pages\/285","targetHints":{"allow":["GET"]}}],"collection":[{"href":"https:\/\/www.kneipp-garbsen.de\/index.php?rest_route=\/wp\/v2\/pages"}],"about":[{"href":"https:\/\/www.kneipp-garbsen.de\/index.php?rest_route=\/wp\/v2\/types\/page"}],"author":[{"embeddable":true,"href":"https:\/\/www.kneipp-garbsen.de\/index.php?rest_route=\/wp\/v2\/users\/1"}],"replies":[{"embeddable":true,"href":"https:\/\/www.kneipp-garbsen.de\/index.php?rest_route=%2Fwp%2Fv2%2Fcomments&post=285"}],"version-history":[{"count":2,"href":"https:\/\/www.kneipp-garbsen.de\/index.php?rest_route=\/wp\/v2\/pages\/285\/revisions"}],"predecessor-version":[{"id":465,"href":"https:\/\/www.kneipp-garbsen.de\/index.php?rest_route=\/wp\/v2\/pages\/285\/revisions\/465"}],"wp:attachment":[{"href":"https:\/\/www.kneipp-garbsen.de\/index.php?rest_route=%2Fwp%2Fv2%2Fmedia&parent=285"}],"curies":[{"name":"wp","href":"https:\/\/api.w.org\/{rel}","templated":true}]}}