{"id":283,"date":"2017-02-25T22:17:21","date_gmt":"2017-02-25T21:17:21","guid":{"rendered":"http:\/\/www.kneipp-garbsen.de\/?page_id=283"},"modified":"2017-04-27T20:07:40","modified_gmt":"2017-04-27T18:07:40","slug":"ernaehrung","status":"publish","type":"page","link":"https:\/\/www.kneipp-garbsen.de\/?page_id=283","title":{"rendered":"Ern\u00e4hrung"},"content":{"rendered":"<div id=\"c410\" class=\"csc-default\">\n<div class=\"csc-textpic csc-textpic-responsive csc-textpic-intext-right\">\n<div class=\"csc-textpic-imagewrap\" data-csc-images=\"1\" data-csc-cols=\"1\"><\/div>\n<div class=\"csc-textpic-text\">\n<h2><img data-recalc-dims=\"1\" loading=\"lazy\" decoding=\"async\" class=\"aligncenter size-medium wp-image-258\" src=\"https:\/\/i0.wp.com\/www.kneipp-garbsen.de\/wp-content\/uploads\/2017\/03\/lg_Ernaehrung.png?resize=246%2C300\" alt=\"lg_Ernaehrung\" width=\"246\" height=\"300\" \/>\u201eDie Nahrung ist nur dann zutr\u00e4glich und gesund, wenn sie der Natur des Menschen zutr\u00e4glich ist und von ihr verarbeitet wird.\u201c<\/h2>\n<p><em>Sebastian Kneipp<\/em><\/p>\n<\/div>\n<\/div>\n<\/div>\n<div id=\"c407\" class=\"csc-default\">\n<div class=\"csc-textpic csc-textpic-responsive csc-textpic-intext-left\">\n<div class=\"csc-textpic-text\">\n<p>Eine ausgewogene und vielseitige Ern\u00e4hrungstherapie ber\u00fccksichtigt im Sinne einer naturgerechten Vollwert- oder Basiskost Vollkornerzeugnisse, Frischkostbeilagen, Milchprodukte, Vitamine, Mineralsalze, Fermente und Spurenelemente. Auf alle denaturierten Nahrungsmittel und auf Genussgifte sollte man verzichten. Die gesunde Kost ist Grundlage spezieller Ern\u00e4hrungsformen wie Krankendi\u00e4t, Reduktions- und Schonkost. Eine gesunde Kost bekommt Ihnen aber auch, wenn Sie nicht krank sind, und beeinflusst Ihre Leistungsf\u00e4higkeit im Alltag.<\/p>\n<\/div>\n<\/div>\n<\/div>\n<div id=\"c404\" class=\"csc-default csc-space-before-40\">\n<div class=\"csc-header csc-header-n4\">\n<h2>Essbare Gesundheit<\/h2>\n<\/div>\n<p>Eine bedarfsgerechte, vollwertige, schmackhafte, m\u00f6glichst naturbelassene Ern\u00e4hrung ist wichtige Voraussetzung f\u00fcr das Wohlbefinden. Sie tr\u00e4gt zum Gesundbleiben wie zum Gesundwerden bei, indem sie die k\u00f6rpereigenen Schutzsysteme f\u00f6rdert. Nicht nur die Zusammensetzung der Speisen spielt f\u00fcr diese Wirkung eine Rolle, sondern auch das \u201eZusammensetzen&#8220; am Tisch: Genuss, Freude, Ruhe und Zeit geh\u00f6ren ebenso zu einer gesunden Mahlzeit wie K\u00fcchenkr\u00e4uter und Gem\u00fcse.<\/p>\n<\/div>\n","protected":false},"excerpt":{"rendered":"<p>\u201eDie Nahrung ist nur dann zutr\u00e4glich und gesund, wenn sie der Natur des Menschen zutr\u00e4glich ist und von ihr verarbeitet wird.\u201c Sebastian Kneipp Eine ausgewogene und vielseitige Ern\u00e4hrungstherapie ber\u00fccksichtigt im Sinne einer naturgerechten Vollwert- oder Basiskost Vollkornerzeugnisse, Frischkostbeilagen, Milchprodukte, Vitamine, Mineralsalze, Fermente und Spurenelemente. Auf alle denaturierten Nahrungsmittel und auf Genussgifte sollte man verzichten. Die gesunde Kost ist Grundlage spezieller<span class=\"excerpt-hellip\"> [\u2026]<\/span><\/p>\n","protected":false},"author":1,"featured_media":0,"parent":0,"menu_order":0,"comment_status":"closed","ping_status":"closed","template":"","meta":{"jetpack_post_was_ever_published":false,"footnotes":""},"class_list":["post-283","page","type-page","status-publish","hentry"],"jetpack_sharing_enabled":true,"_links":{"self":[{"href":"https:\/\/www.kneipp-garbsen.de\/index.php?rest_route=\/wp\/v2\/pages\/283","targetHints":{"allow":["GET"]}}],"collection":[{"href":"https:\/\/www.kneipp-garbsen.de\/index.php?rest_route=\/wp\/v2\/pages"}],"about":[{"href":"https:\/\/www.kneipp-garbsen.de\/index.php?rest_route=\/wp\/v2\/types\/page"}],"author":[{"embeddable":true,"href":"https:\/\/www.kneipp-garbsen.de\/index.php?rest_route=\/wp\/v2\/users\/1"}],"replies":[{"embeddable":true,"href":"https:\/\/www.kneipp-garbsen.de\/index.php?rest_route=%2Fwp%2Fv2%2Fcomments&post=283"}],"version-history":[{"count":2,"href":"https:\/\/www.kneipp-garbsen.de\/index.php?rest_route=\/wp\/v2\/pages\/283\/revisions"}],"predecessor-version":[{"id":464,"href":"https:\/\/www.kneipp-garbsen.de\/index.php?rest_route=\/wp\/v2\/pages\/283\/revisions\/464"}],"wp:attachment":[{"href":"https:\/\/www.kneipp-garbsen.de\/index.php?rest_route=%2Fwp%2Fv2%2Fmedia&parent=283"}],"curies":[{"name":"wp","href":"https:\/\/api.w.org\/{rel}","templated":true}]}}