{"id":21,"date":"2016-12-02T01:28:20","date_gmt":"2016-12-02T00:28:20","guid":{"rendered":"http:\/\/www.kneipp-garbsen.de\/?page_id=21"},"modified":"2017-02-20T21:10:22","modified_gmt":"2017-02-20T20:10:22","slug":"wanderungen","status":"publish","type":"page","link":"https:\/\/www.kneipp-garbsen.de\/?page_id=21","title":{"rendered":"Wanderungen"},"content":{"rendered":"<p><h2 id=\"tablepress-3-name\" class=\"tablepress-table-name tablepress-table-name-id-3\">Wanderungen \u201eDie Leineschwalben\u201c<\/h2>\n<span id=\"tablepress-3-description\" class=\"tablepress-table-description tablepress-table-description-id-3\">G\u00e4ste sind unter den gegebenen Umst\u00e4nden je nach aktueller Situation willkommen! Eine Einkehr ist in den meisten F\u00e4llen vorgesehen, aber nicht immer sicher. Deshalb ist eine eigene Verpflegung, insbesondere Getr\u00e4nke, sinnvoll.<br \/>\nLiebe Wanderfreunde und Radler! Bei Fragen und Hinweisen k\u00f6nnt Ihr Euch an die Wanderf\u00fchrer wenden. Ab sofort gilt, dass alle Teilnehmer sich bis 3 Tage vor der Wanderung oder Radtour bei dem betreffenden Wander- oder Radf\u00fchrer anmelden k\u00f6nne. Bei einer Teilnehmerzahl unter vier findet keine Kneipp-Wander- oder Kneipp-Radtour statt. Es bleibt den Wanderf\u00fchrern nat\u00fcrlich unbenommen, trotzdem mit weniger Teilnehmern die Tour anzutreten. Dann l\u00e4uft das aber als private Veranstaltung.<br \/>\nHardy Wunder:\t\t05131 92295<\/span>\n\n<table id=\"tablepress-3\" class=\"tablepress tablepress-id-3\" aria-labelledby=\"tablepress-3-name\" aria-describedby=\"tablepress-3-description\">\n<thead>\n<tr class=\"row-1\">\n\t<th class=\"column-1\">Datum \/ Uhrzeit<\/th><th class=\"column-2\">Treffpunkt<\/th><th class=\"column-3\">Ziel<\/th><th class=\"column-4\">Wanderf\u00fchrer<\/th><th class=\"column-5\">Kostenbeitrag<\/th>\n<\/tr>\n<\/thead>\n<tbody class=\"row-striping row-hover\">\n<tr class=\"row-2\">\n\t<td class=\"column-1\">12.04.2026 10:00<\/td><td class=\"column-2\">\u00dcSTRA-Endpunkt, Planetencenter<\/td><td class=\"column-3\">Von Badenstedt \u00fcber Velber Holz um den Benther Berg (14 km)<\/td><td class=\"column-4\">HardyWunder<\/td><td class=\"column-5\">\u00dcSTRA-Ticket A\/B<\/td>\n<\/tr>\n<tr class=\"row-3\">\n\t<td class=\"column-1\">26.04.2026 10:00<\/td><td class=\"column-2\">\u00dcSTRA-Endpunkt, Planetencenter<\/td><td class=\"column-3\">Von Laatzen durch das Bockmer Holz nachAnderten (15 km)<\/td><td class=\"column-4\">HardyWunder<\/td><td class=\"column-5\">\u00dcSTRA-Ticket A\/B<\/td>\n<\/tr>\n<tr class=\"row-4\">\n\t<td class=\"column-1\">03.05.2026 09:30<\/td><td class=\"column-2\">\u00dcSTRA-Endpunkt, Planetencenter<\/td><td class=\"column-3\">Von Wunstorf \u00fcber Bokeloh und Hohen Holz nach Wunstorf (15 km)<\/td><td class=\"column-4\">HardyWunder<\/td><td class=\"column-5\">\u00dcSTRA-Ticket A-C<\/td>\n<\/tr>\n<tr class=\"row-5\">\n\t<td class=\"column-1\">17.05.2026 10:00<\/td><td class=\"column-2\">\u00dcSTRA-Endpunkt, Planetencenter<\/td><td class=\"column-3\">Von Laatzen durch das LSG alte Leine und Harkenbeck nach Laatzen (14 km)<\/td><td class=\"column-4\">HardyWunder<\/td><td class=\"column-5\">\u00dcSTRA-Ticket A\/B<\/td>\n<\/tr>\n<tr class=\"row-6\">\n\t<td class=\"column-1\">31.05.2026 10:00<\/td><td class=\"column-2\">\u00dcSTRA-Endpunkt, Planetencenter<\/td><td class=\"column-3\">Von Bennem\u00fchlen durch den Brelinger Wald zum Brelinger Berg (15 km)<\/td><td class=\"column-4\">HardyWunder<\/td><td class=\"column-5\">\u00dcSTRA-Ticket A-C<\/td>\n<\/tr>\n<tr class=\"row-7\">\n\t<td class=\"column-1\">07.06.2026 10:00<\/td><td class=\"column-2\">\u00dcSTRA-Endpunkt, Planetencenter<\/td><td class=\"column-3\">Von Haste \u00fcber Bokeloh nach Idensen (14 km)<\/td><td class=\"column-4\">HardyWunder<\/td><td class=\"column-5\">\u00dcSTRA-Ticket A-C<\/td>\n<\/tr>\n<tr class=\"row-8\">\n\t<td class=\"column-1\">28.06.2026 09:30<\/td><td class=\"column-2\">\u00dcSTRA-Endpunkt, Planetencenter<\/td><td class=\"column-3\">Von Poggenhagen durch das Wunstorfer Moor nach Mardorf (14 km)<\/td><td class=\"column-4\">HardyWunder<\/td><td class=\"column-5\">\u00dcSTRA-Ticket A-C<\/td>\n<\/tr>\n<tr class=\"row-9\">\n\t<td class=\"column-1\">05.07.2026 10:00<\/td><td class=\"column-2\">\u00dcSTRA-Endpunkt, Planetencenter<\/td><td class=\"column-3\">Von Altwarmb\u00fcchen \u00fcber Kirchhorst nach Gro\u00dfhorst (14 km)<\/td><td class=\"column-4\">HardyWunder<\/td><td class=\"column-5\">\u00dcSTRA-Ticket A\/B<\/td>\n<\/tr>\n<tr class=\"row-10\">\n\t<td class=\"column-1\">19.07.2026 10:00<\/td><td class=\"column-2\">\u00dcSTRA-Endpunkt, Planetencenter<\/td><td class=\"column-3\">Von Gro\u00dfburgwedel durch die gro\u00dfe Heide nach Hainhaus (14 km)<\/td><td class=\"column-4\">HardyWunder<\/td><td class=\"column-5\">\u00dcSTRA-Ticket A-C<\/td>\n<\/tr>\n<tr class=\"row-11\">\n\t<td class=\"column-1\">02.08.2026 10:00<\/td><td class=\"column-2\">\u00dcSTRA-Endpunkt, Planetencenter<\/td><td class=\"column-3\">Von Garbsen \u00fcber SchloRi nach Luthe2. Treff: Kastanienplatz 10:15 Uhr (15 km)<\/td><td class=\"column-4\">HardyWunder<\/td><td class=\"column-5\">\u00dcSTRA-Ticket B\/C<\/td>\n<\/tr>\n<tr class=\"row-12\">\n\t<td class=\"column-1\">16.08.2026 10:00<\/td><td class=\"column-2\">\u00dcSTRA-Endpunkt, Planetencenter<\/td><td class=\"column-3\">Von Fasanenkrug durch das LSG Isernhagen zum Wietzepark (15 km)<\/td><td class=\"column-4\">Hardy Wunder<\/td><td class=\"column-5\">\u00dcSTRA-Ticket A\/B<\/td>\n<\/tr>\n<\/tbody>\n<\/table>\n<!-- #tablepress-3 from cache -->Unsere Wanderungen<\/p>\n","protected":false},"excerpt":{"rendered":"<p>Unsere Wanderungen<\/p>\n","protected":false},"author":1,"featured_media":0,"parent":10,"menu_order":0,"comment_status":"closed","ping_status":"closed","template":"","meta":{"jetpack_post_was_ever_published":false,"footnotes":""},"class_list":["post-21","page","type-page","status-publish","hentry"],"jetpack_sharing_enabled":true,"_links":{"self":[{"href":"https:\/\/www.kneipp-garbsen.de\/index.php?rest_route=\/wp\/v2\/pages\/21","targetHints":{"allow":["GET"]}}],"collection":[{"href":"https:\/\/www.kneipp-garbsen.de\/index.php?rest_route=\/wp\/v2\/pages"}],"about":[{"href":"https:\/\/www.kneipp-garbsen.de\/index.php?rest_route=\/wp\/v2\/types\/page"}],"author":[{"embeddable":true,"href":"https:\/\/www.kneipp-garbsen.de\/index.php?rest_route=\/wp\/v2\/users\/1"}],"replies":[{"embeddable":true,"href":"https:\/\/www.kneipp-garbsen.de\/index.php?rest_route=%2Fwp%2Fv2%2Fcomments&post=21"}],"version-history":[{"count":2,"href":"https:\/\/www.kneipp-garbsen.de\/index.php?rest_route=\/wp\/v2\/pages\/21\/revisions"}],"predecessor-version":[{"id":79,"href":"https:\/\/www.kneipp-garbsen.de\/index.php?rest_route=\/wp\/v2\/pages\/21\/revisions\/79"}],"up":[{"embeddable":true,"href":"https:\/\/www.kneipp-garbsen.de\/index.php?rest_route=\/wp\/v2\/pages\/10"}],"wp:attachment":[{"href":"https:\/\/www.kneipp-garbsen.de\/index.php?rest_route=%2Fwp%2Fv2%2Fmedia&parent=21"}],"curies":[{"name":"wp","href":"https:\/\/api.w.org\/{rel}","templated":true}]}}