{"id":17,"date":"2016-12-02T01:02:28","date_gmt":"2016-12-02T00:02:28","guid":{"rendered":"http:\/\/www.kneipp-garbsen.de\/?page_id=17"},"modified":"2022-02-20T17:04:01","modified_gmt":"2022-02-20T16:04:01","slug":"kurse","status":"publish","type":"page","link":"https:\/\/www.kneipp-garbsen.de\/?page_id=17","title":{"rendered":"Kurse"},"content":{"rendered":"<h2 id=\"tablepress-1-name\" class=\"tablepress-table-name tablepress-table-name-id-1\">Anmeldepflichtige Kurse<\/h2>\n\n<table id=\"tablepress-1\" class=\"tablepress tablepress-id-1\" aria-labelledby=\"tablepress-1-name\" aria-describedby=\"tablepress-1-description\">\n<thead>\n<tr class=\"row-1\">\n\t<th class=\"column-1\">Kursleitung<\/th><th class=\"column-2\">Zeit \/ Ort<\/th><th class=\"column-3\">Kurs-Nr.<\/th><th class=\"column-4\">Termine<\/th><th class=\"column-5\">UE<\/th><th class=\"column-6\">Kosten2)<\/th>\n<\/tr>\n<\/thead>\n<tbody class=\"row-striping row-hover\">\n<tr class=\"row-2\">\n\t<td class=\"column-1\">Kathrin J. Heinze Wirbels\u00e4ulengymnastik<\/td><td class=\"column-2\">montags 19:00-20:00 Uhr Saturnringschule<\/td><td class=\"column-3\">1120<\/td><td class=\"column-4\">13.04.-29.06.2026<\/td><td class=\"column-5\">11<\/td><td class=\"column-6\">5,00 \u20ac (7,50 \u20ac)<\/td>\n<\/tr>\n<tr class=\"row-3\">\n\t<td class=\"column-1\">Kathrin J. Heinze Wirbels\u00e4ulengymnastik<\/td><td class=\"column-2\">montags 20:00-21:00 Uhr Saturnringschule<\/td><td class=\"column-3\">1220<\/td><td class=\"column-4\">13.04.-29.06.2026<\/td><td class=\"column-5\">11<\/td><td class=\"column-6\">5,00 \u20ac (7,50 \u20ac)<\/td>\n<\/tr>\n<tr class=\"row-4\">\n\t<td class=\"column-1\">Peggy Ahlborn Tai\/Qigong<\/td><td class=\"column-2\">mittwochs 18:45-19:45 Uhr Grundschule Havelse<\/td><td class=\"column-3\">2420<\/td><td class=\"column-4\">06.05.-24.06.2026<\/td><td class=\"column-5\">8<\/td><td class=\"column-6\">5,00 \u20ac (7,50 \u20ac)<\/td>\n<\/tr>\n<tr class=\"row-5\">\n\t<td class=\"column-1\">Josephine Ludwig YinYoga mit Meditation<\/td><td class=\"column-2\">donnerstags 17:30-18:30 Uhr Kneipp-Treff<\/td><td class=\"column-3\">2620<\/td><td class=\"column-4\">07.05.-02.07.2026<\/td><td class=\"column-5\">8 1)<\/td><td class=\"column-6\">5,00 \u20ac (7,50 \u20ac)<\/td>\n<\/tr>\n<tr class=\"row-6\">\n\t<td class=\"column-1\">Josephine Ludwig YinYoga mit Meditation<\/td><td class=\"column-2\">donnerstags 18:45-19:45 Uhr Kneipp-Treff<\/td><td class=\"column-3\">2520<\/td><td class=\"column-4\">07.05.-02.07.2026<\/td><td class=\"column-5\">8 1)<\/td><td class=\"column-6\">5,00\u20ac (7,50\u20ac)<\/td>\n<\/tr>\n<tr class=\"row-7\">\n\t<td class=\"column-1\">Birgit Lux Wassergymnastik<\/td><td class=\"column-2\">dienstags 14:00-14:45 Uhr Lehrschwimmbecken Osterbergschule<\/td><td class=\"column-3\">4120<\/td><td class=\"column-4\">05.05.-30.6.2026<\/td><td class=\"column-5\">8 3)<\/td><td class=\"column-6\">8,00 \u20ac (11,- \u20ac)<\/td>\n<\/tr>\n<tr class=\"row-8\">\n\t<td class=\"column-1\">Birgit Lux Wassergymnastik<\/td><td class=\"column-2\">dienstags 15:00-15:45 Uhr Lehrschwimmbecken Osterbergschule<\/td><td class=\"column-3\">4320<\/td><td class=\"column-4\">05.05.-30.6.2026<\/td><td class=\"column-5\">8 3)<\/td><td class=\"column-6\">8,00 \u20ac (11,- \u20ac)<\/td>\n<\/tr>\n<tr class=\"row-9\">\n\t<td class=\"column-1\">Nadine Buwitt Gymnastik<\/td><td class=\"column-2\">donnerstags 10:00-11:00 Uhr Kneipp-Treff<\/td><td class=\"column-3\">2320<\/td><td class=\"column-4\">07.05.-02.07.2026<\/td><td class=\"column-5\">8 1)<\/td><td class=\"column-6\">5,00 \u20ac (7,50 \u20ac)<\/td>\n<\/tr>\n<tr class=\"row-10\">\n\t<td class=\"column-1\">Nadine Buwitt  Krafttraining f\u00fcr Senioren<\/td><td class=\"column-2\">montags 10:00-11:00 Uhr Kneipp-Treff<\/td><td class=\"column-3\">1320<\/td><td class=\"column-4\">04.05.-29.06.2026<\/td><td class=\"column-5\">8 2)<\/td><td class=\"column-6\">5,00 \u20ac (7,50\u20ac)<\/td>\n<\/tr>\n<tr class=\"row-11\">\n\t<td class=\"column-1\">Nadine Buwitt Gleichgewichtstraining<\/td><td class=\"column-2\">montags 11:15-12:15 Uhr Kneipp-Treff<\/td><td class=\"column-3\">2220<\/td><td class=\"column-4\">04.05.-29.06.2026<\/td><td class=\"column-5\">8 2)<\/td><td class=\"column-6\">5,00 \u20ac (7,50\u20ac)<\/td>\n<\/tr>\n<tr class=\"row-12\">\n\t<td class=\"column-1\">Sabine Schatz Linedance<\/td><td class=\"column-2\">mittwochs 18:30-19:30 Uhr Grundschule Havelse<\/td><td class=\"column-3\">2730<\/td><td class=\"column-4\">19.08.-07.10.2026<\/td><td class=\"column-5\">8<\/td><td class=\"column-6\">5,00\u20ac (7,50\u20ac)<\/td>\n<\/tr>\n<tr class=\"row-13\">\n\t<td class=\"column-1\">Kathrin J. Heinze Wirbels\u00e4ulengymnastik<\/td><td class=\"column-2\">montags 19:00-20:00 Uhr Saturnringschule<\/td><td class=\"column-3\">1130<\/td><td class=\"column-4\">17.08.-5.10.2026<\/td><td class=\"column-5\">8<\/td><td class=\"column-6\">5,00\u20ac (7,50\u20ac)<\/td>\n<\/tr>\n<tr class=\"row-14\">\n\t<td class=\"column-1\">Kathrin J. Heinze Wirbels\u00e4ulengymnastik<\/td><td class=\"column-2\">montags 20:00-21:00 Uhr Saturnringschule<\/td><td class=\"column-3\">1230<\/td><td class=\"column-4\">17.08.-5.10.2026<\/td><td class=\"column-5\">8<\/td><td class=\"column-6\">5,00\u20ac (7,50\u20ac)<\/td>\n<\/tr>\n<tr class=\"row-15\">\n\t<td class=\"column-1\">Nadine Buwitt Gleichgewichtstraining<\/td><td class=\"column-2\">montags 11:15-12:15 Uhr Kneipp-Treff<\/td><td class=\"column-3\">2230<\/td><td class=\"column-4\">17.08.-5.10.2026<\/td><td class=\"column-5\">8<\/td><td class=\"column-6\">5,00\u20ac (7,50\u20ac)<\/td>\n<\/tr>\n<tr class=\"row-16\">\n\t<td class=\"column-1\">Nadine Buwitt  Krafttraining f\u00fcr Senioren<\/td><td class=\"column-2\">montags 10:00-11:00 Uhr Kneipp-Treff<\/td><td class=\"column-3\">1330<\/td><td class=\"column-4\">17.08.-5.10.2026<\/td><td class=\"column-5\">8<\/td><td class=\"column-6\">5,00\u20ac (7,50\u20ac)<\/td>\n<\/tr>\n<tr class=\"row-17\">\n\t<td class=\"column-1\">Nadine Buwitt Gymnastik<\/td><td class=\"column-2\">donnerstags 10:00-11:00 Uhr Kneipp-Treff<\/td><td class=\"column-3\">2330<\/td><td class=\"column-4\">20.08.-8.10.2026<\/td><td class=\"column-5\">8<\/td><td class=\"column-6\">5,00\u20ac (7,50\u20ac)<\/td>\n<\/tr>\n<tr class=\"row-18\">\n\t<td class=\"column-1\">Josephine Ludwig YinYoga mit Meditation<\/td><td class=\"column-2\">donnerstags 17:30-18:30 Uhr Kneipp-Treff<\/td><td class=\"column-3\">2530<\/td><td class=\"column-4\">20.08.-8.10.2026<\/td><td class=\"column-5\">6 4)<\/td><td class=\"column-6\">5,00\u20ac (7,50\u20ac)<\/td>\n<\/tr>\n<tr class=\"row-19\">\n\t<td class=\"column-1\">Josephine Ludwig YinYoga mit Meditation<\/td><td class=\"column-2\">donnerstags 18:45-19:45 Uhr Kneipp-Treff<\/td><td class=\"column-3\">2630<\/td><td class=\"column-4\">20.8.-8.10.2026<\/td><td class=\"column-5\">6 4)<\/td><td class=\"column-6\">5,00\u20ac (7,50\u20ac)<\/td>\n<\/tr>\n<\/tbody>\n<\/table>\n<span id=\"tablepress-1-description\" class=\"tablepress-table-description tablepress-table-description-id-1\">1)\tnicht am 14.05.2026<br \/>\n2)\tnicht am 25.05.2026<br \/>\n3)     nicht am 26.05.2026<br \/>\n4)     nicht am 17.09.\/24.09.2026<br \/>\n<br \/>\nAnmeldungen zu Kursen ausschlie\u00dflich auf den Anrufbeantworter unter 05137-818852 oder per Whatsapp \/ Signal unter 0174-1683663. Bitte Name, Kursnummer und eine Telefonnummer angeben. Es wird alles und jeder notiert.<br \/>\nEinen R\u00dcCKRUF gibt es nur wenn etwas ausf\u00e4llt, verlegt wird o.\u00e4.!  <br \/>\nWir m\u00f6chten dar\u00fcber informieren das die Kursgeb\u00fchren f\u00fcr Wassergymnastik ab Januar 2025 um 1\u20ac pro Stunde steigen werden. Aufgrund allgemeiner gestiegener Kosten auf allen Seiten, und um die Qualit\u00e4t des Kurses beizubehalten, sehen wir uns leider gezwungen den Beitrag zu erh\u00f6hen. Nach Absprache und Beschluss im Vorstand ist dies nun die offizielle, fristgerechte Ank\u00fcndigung f\u00fcr Euch. Wir hoffen, auf euer Verst\u00e4ndnis, und freuen uns, wenn wir Euch trotzdem wieder zu Wassergymnastikkursen begr\u00fc\u00dfen d\u00fcrfen.<br \/>\n<\/span>\n<!-- #tablepress-1 from cache -->\n<p><a href=\"?page_id=1122\" class=\"btn\" role=\"button\"><button type=\"button\">zur Kursanmeldung<\/button><\/a><\/p>\n","protected":false},"excerpt":{"rendered":"<p>zur Kursanmeldung<\/p>\n","protected":false},"author":1,"featured_media":0,"parent":10,"menu_order":0,"comment_status":"closed","ping_status":"closed","template":"","meta":{"jetpack_post_was_ever_published":false,"footnotes":""},"class_list":["post-17","page","type-page","status-publish","hentry"],"jetpack_sharing_enabled":true,"_links":{"self":[{"href":"https:\/\/www.kneipp-garbsen.de\/index.php?rest_route=\/wp\/v2\/pages\/17","targetHints":{"allow":["GET"]}}],"collection":[{"href":"https:\/\/www.kneipp-garbsen.de\/index.php?rest_route=\/wp\/v2\/pages"}],"about":[{"href":"https:\/\/www.kneipp-garbsen.de\/index.php?rest_route=\/wp\/v2\/types\/page"}],"author":[{"embeddable":true,"href":"https:\/\/www.kneipp-garbsen.de\/index.php?rest_route=\/wp\/v2\/users\/1"}],"replies":[{"embeddable":true,"href":"https:\/\/www.kneipp-garbsen.de\/index.php?rest_route=%2Fwp%2Fv2%2Fcomments&post=17"}],"version-history":[{"count":20,"href":"https:\/\/www.kneipp-garbsen.de\/index.php?rest_route=\/wp\/v2\/pages\/17\/revisions"}],"predecessor-version":[{"id":1982,"href":"https:\/\/www.kneipp-garbsen.de\/index.php?rest_route=\/wp\/v2\/pages\/17\/revisions\/1982"}],"up":[{"embeddable":true,"href":"https:\/\/www.kneipp-garbsen.de\/index.php?rest_route=\/wp\/v2\/pages\/10"}],"wp:attachment":[{"href":"https:\/\/www.kneipp-garbsen.de\/index.php?rest_route=%2Fwp%2Fv2%2Fmedia&parent=17"}],"curies":[{"name":"wp","href":"https:\/\/api.w.org\/{rel}","templated":true}]}}