{"id":1108,"date":"2018-10-21T19:14:35","date_gmt":"2018-10-21T17:14:35","guid":{"rendered":"http:\/\/www.kneipp-garbsen.de\/?page_id=1108"},"modified":"2025-08-24T09:51:27","modified_gmt":"2025-08-24T07:51:27","slug":"anmeldeformular-3-2","status":"publish","type":"page","link":"https:\/\/www.kneipp-garbsen.de\/?page_id=1108","title":{"rendered":"Vorstand"},"content":{"rendered":"<p><img data-recalc-dims=\"1\" loading=\"lazy\" decoding=\"async\" class=\"alignnone wp-image-3465\" src=\"https:\/\/i0.wp.com\/www.kneipp-garbsen.de\/wp-content\/uploads\/2025\/08\/Peggy-Ahlborn-Vorstand-2025Foto-e1755442763726-300x164.jpg?resize=554%2C303&#038;ssl=1\" alt=\"\" width=\"554\" height=\"303\" srcset=\"https:\/\/i0.wp.com\/www.kneipp-garbsen.de\/wp-content\/uploads\/2025\/08\/Peggy-Ahlborn-Vorstand-2025Foto-e1755442763726.jpg?resize=300%2C164&amp;ssl=1 300w, https:\/\/i0.wp.com\/www.kneipp-garbsen.de\/wp-content\/uploads\/2025\/08\/Peggy-Ahlborn-Vorstand-2025Foto-e1755442763726.jpg?resize=138%2C75&amp;ssl=1 138w, https:\/\/i0.wp.com\/www.kneipp-garbsen.de\/wp-content\/uploads\/2025\/08\/Peggy-Ahlborn-Vorstand-2025Foto-e1755442763726.jpg?resize=480%2C262&amp;ssl=1 480w, https:\/\/i0.wp.com\/www.kneipp-garbsen.de\/wp-content\/uploads\/2025\/08\/Peggy-Ahlborn-Vorstand-2025Foto-e1755442763726.jpg?w=640&amp;ssl=1 640w\" sizes=\"auto, (max-width:767px) 480px, 554px\" \/><br \/>\nDer Vorstand (v. l. n. r.): Ursula Bothe, Peggy Ahlborn, Helga Ebner, Marianne Bockhorst, Jule Ahlborn<\/p>\n<hr \/>\n<ul>\n<li style=\"list-style-type: none;\">\n<ul>\n<li style=\"list-style-type: none;\">\n<ul>\n<li>Erste Vorsitzende: <strong>Peggy Ahlborn<\/strong> (1. v. l.)<br \/>\nTel: 05137 818852; eMail: peggy.ahlborn@kneipp-garbsen.de<\/li>\n<li>Zweite Vorsitzende &amp; Schatzmeisterin: <strong>Marianne Bockhorst<\/strong> (2. v. l.)<br \/>\nTel: 0177 4638031; eMail: marianne.bockhorst@kneipp-garbsen.de<\/li>\n<li>Zweiter Schatzmeister: <strong>Georg Lohrengel<\/strong> (5. v. l.)<br \/>\nTel: 05131 7586; eMail: georg.lohrengel@kneipp-garbsen.de<\/li>\n<li>Schriftf\u00fchrer: <strong>Jule Ahlborn<\/strong> (3. v. l.)<br \/>\nTel: 05137 818851; eMail: jule.ahlborn@kneipp-garbsen.de<\/li>\n<li>Beisitzerin (Presse): <strong>Ursula Bothe<\/strong> (7. v. l.)<br \/>\nTel: 05137 9387310; eMail: ursula.bothe@kneipp-garbsen.de<\/li>\n<li>Beisitzerin (Kneipp-Treff): <strong>Helga Ebner<\/strong> (6. v. l.)<br \/>\nTel: 05131 8493; eMail: info@kneipp-garbsen.de<\/li>\n<li>Beisitzerin: <strong>Marina Siemens<\/strong> (4. v. l.)<br \/>\nTel: 0511 76363809; eMail: marina.siemens@kneipp-garbsen.de<\/li>\n<\/ul>\n<\/li>\n<\/ul>\n<p><strong>Allgemein: vorstand@kneipp-garbsen.de<\/strong><\/p>\n<hr \/>\n<p><strong>Vereinsanschrift:<\/strong> Kneipp-Verein Garbsen, Berenbosteler Str. 76b, 30823 Garbsen<\/p>\n<hr \/>\n<p>Kneipp-Treff: Im Kohake-Centrum, Berenbosteler Str. 76b, 30823 Garbsen<\/p>\n<p>Telefon: 05137\/98344-84 und 85<br \/>\nFax: 05137\/98344-86<\/p>\n<p>E-Mail: <a href=\"mailto:info@kneipp-garbsen.de\">info@kneipp-garbsen.de<\/a><\/p>\n<hr \/>\n<p>Bankverbindung: Sparkasse Hannover, IBAN: DE09 2505 0180 2035 9024 81<\/p>\n<p><strong>Redaktion des Kiebitz (Mitgliederinfo)<br \/>\n<\/strong> Verantwortlich f\u00fcr Inhalt und Gestaltung: Lutz und Manuela Lange<\/p>\n<p><strong>Auflage:<\/strong> 1000 Exemplare (der Druckausgabe)<\/p>\n<p><strong>Erscheinungsweise:<\/strong> quartalsweise, jeweils im Januar, April, Juni und Oktober<\/p>\n<p><strong>Redaktionsschluss f\u00fcr die jeweils n\u00e4chste Mitgliederinfo:<br \/>\n<\/strong>ca. sechs Wochen vor Quartalsbeginn (der genaue Redaktionsschluss steht im jeweiligen Heft)<\/p>\n<p><strong>Webseite:<\/strong> technische und redaktionelle Betreuung: Lutz Lange (lutz.lange@kneipp-garbsen.de)<\/p>\n<p>Die abgebildeten Personen haben ihr Einverst\u00e4ndnis zur Ver\u00f6ffentlichung im Heft und auf dieser Webseite gestattet. Jegliche andere Verwendung bedarf einer zus\u00e4tzlichen Einverst\u00e4ndniserkl\u00e4rung.<\/p>\n<p>Die Rechte der Bilder und Texte verbleiben beim jeweiligen Autor.<\/li>\n<\/ul>\n","protected":false},"excerpt":{"rendered":"<p>Der Vorstand (v. l. n. r.): Ursula Bothe, Peggy Ahlborn, Helga Ebner, Marianne Bockhorst, Jule Ahlborn Erste Vorsitzende: Peggy Ahlborn (1. v. l.) Tel: 05137 818852; eMail: peggy.ahlborn@kneipp-garbsen.de Zweite Vorsitzende &amp; Schatzmeisterin: Marianne Bockhorst (2. v. l.) Tel: 0177 4638031; eMail: marianne.bockhorst@kneipp-garbsen.de Zweiter Schatzmeister: Georg Lohrengel (5. v. l.) Tel: 05131 7586; eMail: georg.lohrengel@kneipp-garbsen.de Schriftf\u00fchrer: Jule Ahlborn (3. v. l.)<span class=\"excerpt-hellip\"> [\u2026]<\/span><\/p>\n","protected":false},"author":1,"featured_media":0,"parent":12,"menu_order":4,"comment_status":"closed","ping_status":"closed","template":"","meta":{"jetpack_post_was_ever_published":false,"footnotes":""},"class_list":["post-1108","page","type-page","status-publish","hentry"],"jetpack_sharing_enabled":true,"_links":{"self":[{"href":"https:\/\/www.kneipp-garbsen.de\/index.php?rest_route=\/wp\/v2\/pages\/1108","targetHints":{"allow":["GET"]}}],"collection":[{"href":"https:\/\/www.kneipp-garbsen.de\/index.php?rest_route=\/wp\/v2\/pages"}],"about":[{"href":"https:\/\/www.kneipp-garbsen.de\/index.php?rest_route=\/wp\/v2\/types\/page"}],"author":[{"embeddable":true,"href":"https:\/\/www.kneipp-garbsen.de\/index.php?rest_route=\/wp\/v2\/users\/1"}],"replies":[{"embeddable":true,"href":"https:\/\/www.kneipp-garbsen.de\/index.php?rest_route=%2Fwp%2Fv2%2Fcomments&post=1108"}],"version-history":[{"count":49,"href":"https:\/\/www.kneipp-garbsen.de\/index.php?rest_route=\/wp\/v2\/pages\/1108\/revisions"}],"predecessor-version":[{"id":3469,"href":"https:\/\/www.kneipp-garbsen.de\/index.php?rest_route=\/wp\/v2\/pages\/1108\/revisions\/3469"}],"up":[{"embeddable":true,"href":"https:\/\/www.kneipp-garbsen.de\/index.php?rest_route=\/wp\/v2\/pages\/12"}],"wp:attachment":[{"href":"https:\/\/www.kneipp-garbsen.de\/index.php?rest_route=%2Fwp%2Fv2%2Fmedia&parent=1108"}],"curies":[{"name":"wp","href":"https:\/\/api.w.org\/{rel}","templated":true}]}}